{"id":15,"date":"2022-08-18T22:33:06","date_gmt":"2022-08-18T19:33:06","guid":{"rendered":"https:\/\/bushcraftoutdoorsoriginal.de\/?page_id=15"},"modified":"2022-08-19T00:05:01","modified_gmt":"2022-08-18T21:05:01","slug":"2-2","status":"publish","type":"page","link":"https:\/\/bushcraftoutdoorsoriginal.de\/?page_id=15","title":{"rendered":"2"},"content":{"rendered":"\t\t<div data-elementor-type=\"wp-page\" data-elementor-id=\"15\" class=\"elementor elementor-15\">\n\t\t\t\t\t\t\t\t\t<section class=\"elementor-section elementor-top-section elementor-element elementor-element-652d816 elementor-section-boxed elementor-section-height-default elementor-section-height-default\" data-id=\"652d816\" data-element_type=\"section\">\n\t\t\t\t\t\t<div class=\"elementor-container elementor-column-gap-default\">\n\t\t\t\t\t<div class=\"elementor-column elementor-col-100 elementor-top-column elementor-element elementor-element-e085014\" data-id=\"e085014\" data-element_type=\"column\">\n\t\t\t<div class=\"elementor-widget-wrap elementor-element-populated\">\n\t\t\t\t\t\t\t\t<div class=\"elementor-element elementor-element-fe4e47f elementor-widget elementor-widget-image\" data-id=\"fe4e47f\" data-element_type=\"widget\" data-widget_type=\"image.default\">\n\t\t\t\t<div class=\"elementor-widget-container\">\n\t\t\t<style>\/*! elementor - v3.7.1 - 14-08-2022 *\/\n.elementor-widget-image{text-align:center}.elementor-widget-image a{display:inline-block}.elementor-widget-image a img[src$=\".svg\"]{width:48px}.elementor-widget-image img{vertical-align:middle;display:inline-block}<\/style>\t\t\t\t\t\t\t\t\t\t\t\t<img width=\"1024\" height=\"684\" src=\"https:\/\/bushcraftoutdoorsoriginal.de\/wp-content\/uploads\/2022\/08\/campfire-896196_1920-1024x684.jpg\" class=\"attachment-large size-large\" alt=\"\" loading=\"lazy\" srcset=\"https:\/\/bushcraftoutdoorsoriginal.de\/wp-content\/uploads\/2022\/08\/campfire-896196_1920-1024x684.jpg 1024w, https:\/\/bushcraftoutdoorsoriginal.de\/wp-content\/uploads\/2022\/08\/campfire-896196_1920-300x200.jpg 300w, https:\/\/bushcraftoutdoorsoriginal.de\/wp-content\/uploads\/2022\/08\/campfire-896196_1920-768x513.jpg 768w, https:\/\/bushcraftoutdoorsoriginal.de\/wp-content\/uploads\/2022\/08\/campfire-896196_1920-1536x1026.jpg 1536w, https:\/\/bushcraftoutdoorsoriginal.de\/wp-content\/uploads\/2022\/08\/campfire-896196_1920.jpg 1920w\" sizes=\"(max-width: 1024px) 100vw, 1024px\" \/>\t\t\t\t\t\t\t\t\t\t\t\t\t\t\t<\/div>\n\t\t\t\t<\/div>\n\t\t\t\t<div class=\"elementor-element elementor-element-5df7640 elementor-widget elementor-widget-heading\" data-id=\"5df7640\" data-element_type=\"widget\" data-widget_type=\"heading.default\">\n\t\t\t\t<div class=\"elementor-widget-container\">\n\t\t\t<style>\/*! elementor - v3.7.1 - 14-08-2022 *\/\n.elementor-heading-title{padding:0;margin:0;line-height:1}.elementor-widget-heading .elementor-heading-title[class*=elementor-size-]>a{color:inherit;font-size:inherit;line-height:inherit}.elementor-widget-heading .elementor-heading-title.elementor-size-small{font-size:15px}.elementor-widget-heading .elementor-heading-title.elementor-size-medium{font-size:19px}.elementor-widget-heading .elementor-heading-title.elementor-size-large{font-size:29px}.elementor-widget-heading .elementor-heading-title.elementor-size-xl{font-size:39px}.elementor-widget-heading .elementor-heading-title.elementor-size-xxl{font-size:59px}<\/style><h2 class=\"elementor-heading-title elementor-size-default\"><span style=\"font-weight:normal;\" id=\"docs-internal-guid-8e606109-7fff-409a-beab-2013409796e4\"><h1 dir=\"ltr\" style=\"line-height:1.38;margin-top:20pt;margin-bottom:6pt;\"><span style=\"font-size: 20pt; font-family: Arial; color: rgb(0, 0, 0); background-color: transparent; font-weight: 400; font-style: normal; font-variant: normal;\">Alles, was Sie \u00fcber Bushcraft wissen m\u00fcssen<\/span><\/h1><br><h2 dir=\"ltr\" style=\"line-height:1.38;margin-top:18pt;margin-bottom:6pt;\"><span style=\"font-size: 16pt; font-family: Arial; color: rgb(0, 0, 0); background-color: transparent; font-weight: 400; font-style: normal; font-variant: normal;\">Einleitung<\/span><\/h2><p dir=\"ltr\" style=\"line-height:1.38;margin-top:0pt;margin-bottom:0pt;\"><span style=\"font-size: 11pt; font-family: Arial; color: rgb(0, 0, 0); background-color: transparent; font-weight: 400; font-style: normal; font-variant: normal;\">Bushcraft ist die Praxis der Eigenst\u00e4ndigkeit in der Wildnis. Dies kann alles umfassen, vom Erlernen, wie man ein Feuer ohne Streichh\u00f6lzer entz\u00fcndet, bis hin zum Bau eines Unterstands aus nat\u00fcrlichen Materialien. Bei Bushcraft geht es darum, Vertrauen in eine Umgebung zu gewinnen, \u00fcber die Sie keine Kontrolle haben. Es lehrt dich, schnell zu denken und Probleme zu l\u00f6sen, was unsch\u00e4tzbare F\u00e4higkeiten sind, egal ob du dich in der Wildnis verirrt hast oder nicht. In diesem Blogbeitrag werden wir Bushcraft ausf\u00fchrlicher besprechen und einige Tipps f\u00fcr den Einstieg geben!<\/span><\/p><br><p dir=\"ltr\" style=\"line-height:1.38;margin-top:0pt;margin-bottom:0pt;\"><span style=\"font-size: 11pt; font-family: Arial; color: rgb(0, 0, 0); background-color: transparent; font-weight: 400; font-style: normal; font-variant: normal;\">Bei Bushcraft geht es nicht nur um das \u00dcberleben in der Wildnis, die erlernten F\u00e4higkeiten k\u00f6nnen jedoch auch auf \u00dcberlebenssituationen angewendet werden. Bei Bushcraft geht es darum zu lernen, wie man vom Land lebt und autark wird. Es ist eine M\u00f6glichkeit, sich wieder mit der Natur zu verbinden und eine gr\u00f6\u00dfere Wertsch\u00e4tzung f\u00fcr die Welt um uns herum zu erlangen.<\/span><\/p><br><p dir=\"ltr\" style=\"line-height:1.38;margin-top:0pt;margin-bottom:0pt;\"><span style=\"font-size: 11pt; font-family: Arial; color: rgb(0, 0, 0); background-color: transparent; font-weight: 400; font-style: normal; font-variant: normal;\">Bushcraft hat viele verschiedene Aspekte, vom Bauen von Unterk\u00fcnften und Feuermachen bis hin zur Nahrungssuche und dem Aufsp\u00fcren von Tieren. Der beste Weg zu lernen ist, indem man es tut, also gehen Sie raus und probieren Sie es aus! Sie werden sich vielleicht selbst \u00fcberraschen, wozu Sie f\u00e4hig sind.<\/span><\/p><br><br><h2 dir=\"ltr\" style=\"line-height:1.38;margin-top:18pt;margin-bottom:6pt;\"><span style=\"font-size: 16pt; font-family: Arial; color: rgb(0, 0, 0); background-color: transparent; font-weight: 400; font-style: normal; font-variant: normal;\">Die Vorteile von Bushcraft<\/span><\/h2><p dir=\"ltr\" style=\"line-height:1.38;margin-top:0pt;margin-bottom:0pt;\"><span style=\"font-size: 11pt; font-family: Arial; color: rgb(0, 0, 0); background-color: transparent; font-weight: 400; font-style: normal; font-variant: normal;\">Das Erlernen von Bushcraft hat viele Vorteile, sowohl in der Wildnis als auch im Alltag. Einige dieser Vorteile umfassen:<\/span><\/p><br><p dir=\"ltr\" style=\"line-height:1.38;margin-top:0pt;margin-bottom:0pt;\"><span style=\"font-size: 11pt; font-family: Arial; color: rgb(0, 0, 0); background-color: transparent; font-weight: 400; font-style: normal; font-variant: normal;\">Selbstvertrauen gewinnen \u2013 Bushcraft ist eine hervorragende M\u00f6glichkeit, Vertrauen in sich selbst und seine F\u00e4higkeiten zu gewinnen. Wenn Sie wissen, wie Sie in der Wildnis auf sich selbst aufpassen, werden Sie auch in anderen Bereichen Ihres Lebens selbstbewusster.<\/span><\/p><br><p dir=\"ltr\" style=\"line-height:1.38;margin-top:0pt;margin-bottom:0pt;\"><span style=\"font-size: 11pt; font-family: Arial; color: rgb(0, 0, 0); background-color: transparent; font-weight: 400; font-style: normal; font-variant: normal;\">F\u00e4higkeiten zur Probleml\u00f6sung \u2013 Das Erlernen von Bushcraft wird Ihnen beibringen, schnell zu denken und L\u00f6sungen f\u00fcr Probleme zu finden. Dies ist eine wertvolle F\u00e4higkeit, die auf jede Situation angewendet werden kann.<\/span><\/p><br><p dir=\"ltr\" style=\"line-height:1.38;margin-top:0pt;margin-bottom:0pt;\"><span style=\"font-size: 11pt; font-family: Arial; color: rgb(0, 0, 0); background-color: transparent; font-weight: 400; font-style: normal; font-variant: normal;\">Wertsch\u00e4tzung f\u00fcr die Natur \u2013 Wenn Sie Zeit in der Wildnis verbringen, entwickeln Sie eine gr\u00f6\u00dfere Wertsch\u00e4tzung f\u00fcr die Natur und die Welt um uns herum.<\/span><\/p><br><p dir=\"ltr\" style=\"line-height:1.38;margin-top:0pt;margin-bottom:0pt;\"><span style=\"font-size: 11pt; font-family: Arial; color: rgb(0, 0, 0); background-color: transparent; font-weight: 400; font-style: normal; font-variant: normal;\">Verbindung zu anderen \u2013 Es gibt eine starke Gemeinschaft von Menschen, die sich f\u00fcr Bushcraft begeistern. Dies ist eine gro\u00dfartige M\u00f6glichkeit, Gleichgesinnte zu treffen und neue Freunde zu finden.<\/span><\/p><br><br><br><p dir=\"ltr\" style=\"line-height:1.38;margin-top:0pt;margin-bottom:0pt;\"><span style=\"font-size: 11pt; font-family: Arial; color: rgb(0, 0, 0); background-color: transparent; font-weight: 400; font-style: normal; font-variant: normal;\">Bushcraft ist eine unglaublich lohnende Erfahrung, die jeder mindestens einmal ausprobieren sollte. Bei so vielen Vorteilen ist es leicht zu verstehen, warum Bushcraft jedes Jahr beliebter wird. Also, worauf wartest Du? Geh raus und probiere es aus! Sie werden sich vielleicht selbst \u00fcberraschen, wozu Sie f\u00e4hig sind.<\/span><\/p><br><h2 dir=\"ltr\" style=\"line-height:1.38;margin-top:18pt;margin-bottom:6pt;\"><span style=\"font-size: 16pt; font-family: Arial; color: rgb(0, 0, 0); background-color: transparent; font-weight: 400; font-style: normal; font-variant: normal;\">Grundlegende Bushcraft-F\u00e4higkeiten<\/span><\/h2><p dir=\"ltr\" style=\"line-height:1.38;margin-top:0pt;margin-bottom:0pt;\"><span style=\"font-size: 11pt; font-family: Arial; color: rgb(0, 0, 0); background-color: transparent; font-weight: 400; font-style: normal; font-variant: normal;\">Es gibt viele verschiedene F\u00e4higkeiten, die unter den Begriff Bushcraft fallen, aber einige der grundlegendsten F\u00e4higkeiten sind:<\/span><\/p><br><p dir=\"ltr\" style=\"line-height:1.38;margin-top:0pt;margin-bottom:0pt;\"><span style=\"font-size: 11pt; font-family: Arial; color: rgb(0, 0, 0); background-color: transparent; font-weight: 400; font-style: normal; font-variant: normal;\">Feuer \u2013 Zu lernen, wie man ein Feuer macht, ist einer der wichtigsten Aspekte von Bushcraft. Feuer k\u00f6nnen zum W\u00e4rmen, Kochen und zum Signalisieren von Hilfe verwendet werden.<\/span><\/p><br><p dir=\"ltr\" style=\"line-height:1.38;margin-top:0pt;margin-bottom:0pt;\"><span style=\"font-size: 11pt; font-family: Arial; color: rgb(0, 0, 0); background-color: transparent; font-weight: 400; font-style: normal; font-variant: normal;\">Notunterk\u00fcnfte \u2013 In einer Notsituation kann eine Notunterkunft den Unterschied zwischen Leben und Tod bedeuten. Zu wissen, wie man einen Unterstand aus nat\u00fcrlichen Materialien baut, ist eine wesentliche F\u00e4higkeit f\u00fcr jeden Naturliebhaber.<\/span><\/p><br><p dir=\"ltr\" style=\"line-height:1.38;margin-top:0pt;margin-bottom:0pt;\"><span style=\"font-size: 11pt; font-family: Arial; color: rgb(0, 0, 0); background-color: transparent; font-weight: 400; font-style: normal; font-variant: normal;\">Wasser \u2013 Wasser ist \u00fcberlebenswichtig, daher ist es entscheidend zu wissen, wie man Wasser findet und reinigt.<\/span><\/p><br><p dir=\"ltr\" style=\"line-height:1.38;margin-top:0pt;margin-bottom:0pt;\"><span style=\"font-size: 11pt; font-family: Arial; color: rgb(0, 0, 0); background-color: transparent; font-weight: 400; font-style: normal; font-variant: normal;\">Nahrungssuche \u2013 Die Nahrungssuche ist eine gro\u00dfartige M\u00f6glichkeit, Ihre Ern\u00e4hrung in der Wildnis zu erg\u00e4nzen. Sie erfahren, welche Pflanzen essbar sind und wie Sie Tierspuren erkennen.<\/span><\/p><br><br><p dir=\"ltr\" style=\"line-height:1.38;margin-top:0pt;margin-bottom:0pt;\"><span style=\"font-size: 11pt; font-family: Arial; color: rgb(0, 0, 0); background-color: transparent; font-weight: 400; font-style: normal; font-variant: normal;\">Dies sind nur einige der vielen Fertigkeiten, die unter den Begriff Bushcraft fallen. Der beste Weg zu lernen ist, indem man es tut, also gehen Sie raus und fangen Sie an zu \u00fcben! Sie werden \u00fcberrascht sein, wie schnell Sie sich diese F\u00e4higkeiten aneignen.<\/span><\/p><br><h2 dir=\"ltr\" style=\"line-height:1.38;margin-top:18pt;margin-bottom:6pt;\"><span style=\"font-size: 16pt; font-family: Arial; color: rgb(0, 0, 0); background-color: transparent; font-weight: 400; font-style: normal; font-variant: normal;\">So fangen Sie mit Bushcraft an<\/span><\/h2><p dir=\"ltr\" style=\"line-height:1.38;margin-top:0pt;margin-bottom:0pt;\"><span style=\"font-size: 11pt; font-family: Arial; color: rgb(0, 0, 0); background-color: transparent; font-weight: 400; font-style: normal; font-variant: normal;\">Wenn Sie daran interessiert sind, Bushcraft zu lernen, gibt es ein paar Dinge, die Sie tun k\u00f6nnen, um loszulegen:<\/span><\/p><br><p dir=\"ltr\" style=\"line-height:1.38;margin-top:0pt;margin-bottom:0pt;\"><span style=\"font-size: 11pt; font-family: Arial; color: rgb(0, 0, 0); background-color: transparent; font-weight: 400; font-style: normal; font-variant: normal;\">Recherchieren Sie \u2013 In erster Linie ist es wichtig, dass Sie recherchieren. Dies wird Ihnen helfen, zu verstehen, was Bushcraft ist, und zu entscheiden, ob es das Richtige f\u00fcr Sie ist. Es gibt viele gro\u00dfartige Ressourcen, die online und in Bibliotheken verf\u00fcgbar sind. Sobald Sie ein gutes Verst\u00e4ndnis von Bushcraft haben, k\u00f6nnen Sie mit der Planung Ihres n\u00e4chsten Abenteuers beginnen!<\/span><\/p><br><p dir=\"ltr\" style=\"line-height:1.38;margin-top:0pt;margin-bottom:0pt;\"><span style=\"font-size: 11pt; font-family: Arial; color: rgb(0, 0, 0); background-color: transparent; font-weight: 400; font-style: normal; font-variant: normal;\">Finden Sie einen Lehrer \u2013 Es gibt keinen Ersatz f\u00fcr das Lernen von einem qualifizierten Lehrer. Wenn Sie jemanden finden, der Erfahrung mit Bushcraft hat, kann er Ihnen die wesentlichen F\u00e4higkeiten beibringen.<\/span><\/p><br><p dir=\"ltr\" style=\"line-height:1.38;margin-top:0pt;margin-bottom:0pt;\"><span style=\"font-size: 11pt; font-family: Arial; color: rgb(0, 0, 0); background-color: transparent; font-weight: 400; font-style: normal; font-variant: normal;\">Tritt einer Gruppe bei \u2013 Es gibt viele Bushcraft-Gruppen, sowohl online als auch pers\u00f6nlich. Dies ist eine gro\u00dfartige M\u00f6glichkeit, Gleichgesinnte zu treffen und von erfahrenen Bushcraftern zu lernen.<\/span><\/p><br><p dir=\"ltr\" style=\"line-height:1.38;margin-top:0pt;margin-bottom:0pt;\"><span style=\"font-size: 11pt; font-family: Arial; color: rgb(0, 0, 0); background-color: transparent; font-weight: 400; font-style: normal; font-variant: normal;\">Lass dich von dem Gedanken, Bushcraft zu lernen, nicht einsch\u00fcchtern \u2013 es ist einfacher als du denkst! Mit ein wenig Recherche und etwas \u00dcbung werden Sie \u00fcberrascht sein, wie schnell Sie sich diese F\u00e4higkeiten aneignen. Also, worauf wartest Du? Geh raus und probiere es aus!<\/span><\/p><div><span style=\"font-size: 11pt; font-family: Arial; color: rgb(0, 0, 0); background-color: transparent; font-weight: 400; font-style: normal; font-variant: normal;\"><br><\/span><\/div><\/span><\/h2>\t\t<\/div>\n\t\t\t\t<\/div>\n\t\t\t\t\t<\/div>\n\t\t<\/div>\n\t\t\t\t\t\t\t<\/div>\n\t\t<\/section>\n\t\t\t\t\t\t\t<\/div>\n\t\t","protected":false},"excerpt":{"rendered":"<p>Alles, was Sie \u00fcber Bushcraft wissen m\u00fcssen Einleitung Bushcraft ist die Praxis der Eigenst\u00e4ndigkeit in der Wildnis. Dies kann alles umfassen, vom Erlernen, wie man ein Feuer ohne Streichh\u00f6lzer entz\u00fcndet, bis hin zum Bau eines Unterstands aus nat\u00fcrlichen Materialien. Bei Bushcraft geht es darum, Vertrauen in eine Umgebung zu gewinnen, \u00fcber die Sie keine Kontrolle [&hellip;]<\/p>\n","protected":false},"author":1,"featured_media":0,"parent":0,"menu_order":0,"comment_status":"closed","ping_status":"closed","template":"","meta":[],"_links":{"self":[{"href":"https:\/\/bushcraftoutdoorsoriginal.de\/index.php?rest_route=\/wp\/v2\/pages\/15"}],"collection":[{"href":"https:\/\/bushcraftoutdoorsoriginal.de\/index.php?rest_route=\/wp\/v2\/pages"}],"about":[{"href":"https:\/\/bushcraftoutdoorsoriginal.de\/index.php?rest_route=\/wp\/v2\/types\/page"}],"author":[{"embeddable":true,"href":"https:\/\/bushcraftoutdoorsoriginal.de\/index.php?rest_route=\/wp\/v2\/users\/1"}],"replies":[{"embeddable":true,"href":"https:\/\/bushcraftoutdoorsoriginal.de\/index.php?rest_route=%2Fwp%2Fv2%2Fcomments&post=15"}],"version-history":[{"count":7,"href":"https:\/\/bushcraftoutdoorsoriginal.de\/index.php?rest_route=\/wp\/v2\/pages\/15\/revisions"}],"predecessor-version":[{"id":63,"href":"https:\/\/bushcraftoutdoorsoriginal.de\/index.php?rest_route=\/wp\/v2\/pages\/15\/revisions\/63"}],"wp:attachment":[{"href":"https:\/\/bushcraftoutdoorsoriginal.de\/index.php?rest_route=%2Fwp%2Fv2%2Fmedia&parent=15"}],"curies":[{"name":"wp","href":"https:\/\/api.w.org\/{rel}","templated":true}]}}