{"id":18,"date":"2022-08-18T22:39:40","date_gmt":"2022-08-18T19:39:40","guid":{"rendered":"https:\/\/bushcraftoutdoorsoriginal.de\/?page_id=18"},"modified":"2022-08-19T00:09:18","modified_gmt":"2022-08-18T21:09:18","slug":"3-2","status":"publish","type":"page","link":"https:\/\/bushcraftoutdoorsoriginal.de\/?page_id=18","title":{"rendered":"3"},"content":{"rendered":"\t\t<div data-elementor-type=\"wp-page\" data-elementor-id=\"18\" class=\"elementor elementor-18\">\n\t\t\t\t\t\t\t\t\t<section class=\"elementor-section elementor-top-section elementor-element elementor-element-b0b5148 elementor-section-boxed elementor-section-height-default elementor-section-height-default\" data-id=\"b0b5148\" data-element_type=\"section\">\n\t\t\t\t\t\t<div class=\"elementor-container elementor-column-gap-default\">\n\t\t\t\t\t<div class=\"elementor-column elementor-col-100 elementor-top-column elementor-element elementor-element-4245a26\" data-id=\"4245a26\" data-element_type=\"column\">\n\t\t\t<div class=\"elementor-widget-wrap elementor-element-populated\">\n\t\t\t\t\t\t\t\t<div class=\"elementor-element elementor-element-cafcab0 elementor-widget elementor-widget-image\" data-id=\"cafcab0\" data-element_type=\"widget\" data-widget_type=\"image.default\">\n\t\t\t\t<div class=\"elementor-widget-container\">\n\t\t\t<style>\/*! elementor - v3.7.1 - 14-08-2022 *\/\n.elementor-widget-image{text-align:center}.elementor-widget-image a{display:inline-block}.elementor-widget-image a img[src$=\".svg\"]{width:48px}.elementor-widget-image img{vertical-align:middle;display:inline-block}<\/style>\t\t\t\t\t\t\t\t\t\t\t\t<img width=\"1024\" height=\"683\" src=\"https:\/\/bushcraftoutdoorsoriginal.de\/wp-content\/uploads\/2022\/08\/pexels-lumn-168804-1024x683.jpg\" class=\"attachment-large size-large\" alt=\"\" loading=\"lazy\" srcset=\"https:\/\/bushcraftoutdoorsoriginal.de\/wp-content\/uploads\/2022\/08\/pexels-lumn-168804-1024x683.jpg 1024w, https:\/\/bushcraftoutdoorsoriginal.de\/wp-content\/uploads\/2022\/08\/pexels-lumn-168804-300x200.jpg 300w, https:\/\/bushcraftoutdoorsoriginal.de\/wp-content\/uploads\/2022\/08\/pexels-lumn-168804-768x512.jpg 768w, https:\/\/bushcraftoutdoorsoriginal.de\/wp-content\/uploads\/2022\/08\/pexels-lumn-168804-1536x1024.jpg 1536w, https:\/\/bushcraftoutdoorsoriginal.de\/wp-content\/uploads\/2022\/08\/pexels-lumn-168804-2048x1365.jpg 2048w\" sizes=\"(max-width: 1024px) 100vw, 1024px\" \/>\t\t\t\t\t\t\t\t\t\t\t\t\t\t\t<\/div>\n\t\t\t\t<\/div>\n\t\t\t\t<div class=\"elementor-element elementor-element-8fa6264 elementor-widget elementor-widget-heading\" data-id=\"8fa6264\" data-element_type=\"widget\" data-widget_type=\"heading.default\">\n\t\t\t\t<div class=\"elementor-widget-container\">\n\t\t\t<style>\/*! elementor - v3.7.1 - 14-08-2022 *\/\n.elementor-heading-title{padding:0;margin:0;line-height:1}.elementor-widget-heading .elementor-heading-title[class*=elementor-size-]>a{color:inherit;font-size:inherit;line-height:inherit}.elementor-widget-heading .elementor-heading-title.elementor-size-small{font-size:15px}.elementor-widget-heading .elementor-heading-title.elementor-size-medium{font-size:19px}.elementor-widget-heading .elementor-heading-title.elementor-size-large{font-size:29px}.elementor-widget-heading .elementor-heading-title.elementor-size-xl{font-size:39px}.elementor-widget-heading .elementor-heading-title.elementor-size-xxl{font-size:59px}<\/style><h2 class=\"elementor-heading-title elementor-size-default\"><span style=\"font-weight:normal;\" id=\"docs-internal-guid-cecf4db8-7fff-be8b-cd43-9f474d0b2939\"><h1 dir=\"ltr\" style=\"line-height:1.38;margin-top:20pt;margin-bottom:6pt;\"><span style=\"font-size: 20pt; font-family: Arial; color: rgb(0, 0, 0); background-color: transparent; font-weight: 400; font-style: normal; font-variant: normal;\">Die Top-Multi-Tools f\u00fcr das Bushcraft: So w\u00e4hlen Sie<\/span><\/h1><br><h2 dir=\"ltr\" style=\"line-height:1.38;margin-top:18pt;margin-bottom:6pt;\"><span style=\"font-size: 16pt; font-family: Arial; color: rgb(0, 0, 0); background-color: transparent; font-weight: 400; font-style: normal; font-variant: normal;\">Einleitung<\/span><\/h2><p dir=\"ltr\" style=\"line-height:1.38;margin-top:0pt;margin-bottom:0pt;\"><span style=\"font-size: 11pt; font-family: Arial; color: rgb(0, 0, 0); background-color: transparent; font-weight: 400; font-style: normal; font-variant: normal;\">Bushcraft ist eine erstaunliche Aktivit\u00e4t, die es Ihnen erm\u00f6glicht, zu den Grundlagen zur\u00fcckzukehren und die nat\u00fcrliche Welt um Sie herum wirklich zu sch\u00e4tzen. Es kann auch viel Spa\u00df machen! Aber wenn Sie wie ich sind, wissen Sie es auch zu sch\u00e4tzen, einige Annehmlichkeiten der Zivilisation im Busch dabei zu haben. Hier kommen Multitools ins Spiel. Sie erm\u00f6glichen es Ihnen, eine Vielzahl von Funktionen in einem kleinen, leichten Paket zu haben. In diesem Blogbeitrag besprechen wir die 10 besten Multitools f\u00fcr Bushcraft und wie man das richtige f\u00fcr sich ausw\u00e4hlt!<\/span><\/p><br><h2 dir=\"ltr\" style=\"line-height:1.38;margin-top:18pt;margin-bottom:6pt;\"><span style=\"font-size: 16pt; font-family: Arial; color: rgb(0, 0, 0); background-color: transparent; font-weight: 400; font-style: normal; font-variant: normal;\">Leatherman Charge Plus Multifunktionswerkzeug<\/span><\/h2><p dir=\"ltr\" style=\"line-height:1.38;margin-top:0pt;margin-bottom:0pt;\"><span style=\"font-size: 11pt; font-family: Arial; color: rgb(0, 0, 0); background-color: transparent; font-weight: 400; font-style: normal; font-variant: normal;\">Das Leatherman Charge Plus ist ein gro\u00dfartiges Allround-Multitool, das viele der Funktionen enth\u00e4lt, die Sie im Busch ben\u00f6tigen w\u00fcrden. Es enth\u00e4lt Spitz- und normale Zangen, Drahtschneider, ein Messer, eine S\u00e4ge, eine Feile, Schraubendreher, einen \u00d6ffner und einen Dosen\u00f6ffner. Es hat auch einen Bittreiber, mit dem Sie Standard-Hex-Bits verwenden k\u00f6nnen. Dies ist eine gro\u00dfartige Funktion, wenn Sie im Busch Reparaturen an Ihrer Ausr\u00fcstung vornehmen m\u00fcssen. Das Leatherman Charge Plus verf\u00fcgt au\u00dferdem \u00fcber einen Taschenclip zum einfachen Tragen.<\/span><\/p><br><h2 dir=\"ltr\" style=\"line-height:1.38;margin-top:18pt;margin-bottom:6pt;\"><span style=\"font-size: 16pt; font-family: Arial; color: rgb(0, 0, 0); background-color: transparent; font-weight: 400; font-style: normal; font-variant: normal;\">Gerber Center-Drive Multi-Tool<\/span><\/h2><p dir=\"ltr\" style=\"line-height:1.38;margin-top:0pt;margin-bottom:0pt;\"><span style=\"font-size: 11pt; font-family: Arial; color: rgb(0, 0, 0); background-color: transparent; font-weight: 400; font-style: normal; font-variant: normal;\">Das Gerber Center-Drive ist ein weiteres gro\u00dfartiges Allround-Multitool, das viele der gleichen Funktionen wie das Leatherman Charge Plus enth\u00e4lt. Es enth\u00e4lt Spitz- und normale Zangen, Drahtschneider, ein Messer, eine S\u00e4ge, eine Feile, Schraubendreher, einen \u00d6ffner und einen Dosen\u00f6ffner. Es hat auch einen Bittreiber, mit dem Sie Standard-Hex-Bits verwenden k\u00f6nnen. Eine der besten Eigenschaften des Gerber Center-Drive ist jedoch seine magnetische Mittelachse, die ein einh\u00e4ndiges \u00d6ffnen der Zange erm\u00f6glicht. Dies ist eine gro\u00dfartige Funktion, wenn Sie die Zange in Eile verwenden m\u00fcssen.<\/span><\/p><br><h2 dir=\"ltr\" style=\"line-height:1.38;margin-top:18pt;margin-bottom:6pt;\"><span style=\"font-size: 16pt; font-family: Arial; color: rgb(0, 0, 0); background-color: transparent; font-weight: 400; font-style: normal; font-variant: normal;\">SOG Baton Multitools der Q-Serie<\/span><\/h2><p dir=\"ltr\" style=\"line-height:1.38;margin-top:0pt;margin-bottom:0pt;\"><span style=\"font-size: 11pt; font-family: Arial; color: rgb(0, 0, 0); background-color: transparent; font-weight: 400; font-style: normal; font-variant: normal;\">Die SOG Baton Q-Serie ist eine gro\u00dfartige Wahl f\u00fcr diejenigen, die ein Multitool mit vielen Funktionen suchen, das dennoch leicht und einfach zu transportieren ist. Es enth\u00e4lt Spitz- und normale Zangen, Drahtschneider, ein Messer, eine S\u00e4ge, eine Feile, Schraubendreher, einen \u00d6ffner und einen Dosen\u00f6ffner. Es hat auch einen Bittreiber, mit dem Sie Standard-Hex-Bits verwenden k\u00f6nnen. Dar\u00fcber hinaus umfasst die SOG Baton Q-Serie ein LED-Licht und einen Glasbrecher. Dies macht es zu einer gro\u00dfartigen Wahl f\u00fcr diejenigen, die ein wenig zus\u00e4tzliche Sicherheit im Busch w\u00fcnschen.<\/span><\/p><br><h2 dir=\"ltr\" style=\"line-height:1.38;margin-top:18pt;margin-bottom:6pt;\"><span style=\"font-size: 16pt; font-family: Arial; color: rgb(0, 0, 0); background-color: transparent; font-weight: 400; font-style: normal; font-variant: normal;\">Victorinox Schweizer Taschenmesser<\/span><\/h2><p dir=\"ltr\" style=\"line-height:1.38;margin-top:0pt;margin-bottom:0pt;\"><span style=\"font-size: 11pt; font-family: Arial; color: rgb(0, 0, 0); background-color: transparent; font-weight: 400; font-style: normal; font-variant: normal;\">Das Victorinox Swiss Army Knife ist ein klassisches Multitool, das es schon seit Jahren gibt. Es enth\u00e4lt ein Messer, eine S\u00e4ge, eine Feile, Schraubendreher, einen \u00d6ffner und einen Dosen\u00f6ffner. Es hat auch einen Korkenzieher, was praktisch sein kann, wenn Sie sich mit einer Flasche Wein im Busch wiederfinden! Das Victorinox Swiss Army Knife ist eine gute Wahl f\u00fcr diejenigen, die ein klassisches Multitool mit allen wesentlichen Funktionen suchen.<\/span><\/p><br><h2 dir=\"ltr\" style=\"line-height:1.38;margin-top:18pt;margin-bottom:6pt;\"><span style=\"font-size: 16pt; font-family: Arial; color: rgb(0, 0, 0); background-color: transparent; font-weight: 400; font-style: normal; font-variant: normal;\">Gerber Shard Schl\u00fcsselanh\u00e4nger-Tool<\/span><\/h2><p dir=\"ltr\" style=\"line-height:1.38;margin-top:0pt;margin-bottom:0pt;\"><span style=\"font-size: 11pt; font-family: Arial; color: rgb(0, 0, 0); background-color: transparent; font-weight: 400; font-style: normal; font-variant: normal;\">Das Gerber Shard Keychain Tool ist eine gro\u00dfartige Wahl f\u00fcr diejenigen, die ein kleines, leichtes Multitool suchen, das sie immer dabei haben k\u00f6nnen. Es enth\u00e4lt einen Flaschen\u00f6ffner, Brecheisen und Abisolierzange. Es hat auch einen Schl\u00fcsselring, damit Sie es an Ihren Schl\u00fcsseln oder Ihrer Ausr\u00fcstung befestigen k\u00f6nnen. Das Gerber Shard ist eine gute Wahl f\u00fcr diejenigen, die ein kleines, leichtes Multitool suchen, das sie immer dabei haben k\u00f6nnen.<\/span><\/p><div><span style=\"font-size: 11pt; font-family: Arial; color: rgb(0, 0, 0); background-color: transparent; font-weight: 400; font-style: normal; font-variant: normal;\"><br><\/span><\/div><\/span><\/h2>\t\t<\/div>\n\t\t\t\t<\/div>\n\t\t\t\t\t<\/div>\n\t\t<\/div>\n\t\t\t\t\t\t\t<\/div>\n\t\t<\/section>\n\t\t\t\t\t\t\t<\/div>\n\t\t","protected":false},"excerpt":{"rendered":"<p>Die Top-Multi-Tools f\u00fcr das Bushcraft: So w\u00e4hlen Sie Einleitung Bushcraft ist eine erstaunliche Aktivit\u00e4t, die es Ihnen erm\u00f6glicht, zu den Grundlagen zur\u00fcckzukehren und die nat\u00fcrliche Welt um Sie herum wirklich zu sch\u00e4tzen. Es kann auch viel Spa\u00df machen! Aber wenn Sie wie ich sind, wissen Sie es auch zu sch\u00e4tzen, einige Annehmlichkeiten der Zivilisation im [&hellip;]<\/p>\n","protected":false},"author":1,"featured_media":0,"parent":0,"menu_order":0,"comment_status":"closed","ping_status":"closed","template":"","meta":[],"_links":{"self":[{"href":"https:\/\/bushcraftoutdoorsoriginal.de\/index.php?rest_route=\/wp\/v2\/pages\/18"}],"collection":[{"href":"https:\/\/bushcraftoutdoorsoriginal.de\/index.php?rest_route=\/wp\/v2\/pages"}],"about":[{"href":"https:\/\/bushcraftoutdoorsoriginal.de\/index.php?rest_route=\/wp\/v2\/types\/page"}],"author":[{"embeddable":true,"href":"https:\/\/bushcraftoutdoorsoriginal.de\/index.php?rest_route=\/wp\/v2\/users\/1"}],"replies":[{"embeddable":true,"href":"https:\/\/bushcraftoutdoorsoriginal.de\/index.php?rest_route=%2Fwp%2Fv2%2Fcomments&post=18"}],"version-history":[{"count":4,"href":"https:\/\/bushcraftoutdoorsoriginal.de\/index.php?rest_route=\/wp\/v2\/pages\/18\/revisions"}],"predecessor-version":[{"id":66,"href":"https:\/\/bushcraftoutdoorsoriginal.de\/index.php?rest_route=\/wp\/v2\/pages\/18\/revisions\/66"}],"wp:attachment":[{"href":"https:\/\/bushcraftoutdoorsoriginal.de\/index.php?rest_route=%2Fwp%2Fv2%2Fmedia&parent=18"}],"curies":[{"name":"wp","href":"https:\/\/api.w.org\/{rel}","templated":true}]}}