{"id":20,"date":"2022-08-18T22:45:44","date_gmt":"2022-08-18T19:45:44","guid":{"rendered":"https:\/\/bushcraftoutdoorsoriginal.de\/?page_id=20"},"modified":"2022-08-19T00:18:55","modified_gmt":"2022-08-18T21:18:55","slug":"4-2","status":"publish","type":"page","link":"https:\/\/bushcraftoutdoorsoriginal.de\/?page_id=20","title":{"rendered":"4"},"content":{"rendered":"\t\t<div data-elementor-type=\"wp-page\" data-elementor-id=\"20\" class=\"elementor elementor-20\">\n\t\t\t\t\t\t\t\t\t<section class=\"elementor-section elementor-top-section elementor-element elementor-element-f1c2dcd elementor-section-boxed elementor-section-height-default elementor-section-height-default\" data-id=\"f1c2dcd\" data-element_type=\"section\">\n\t\t\t\t\t\t<div class=\"elementor-container elementor-column-gap-default\">\n\t\t\t\t\t<div class=\"elementor-column elementor-col-100 elementor-top-column elementor-element elementor-element-85fb71f\" data-id=\"85fb71f\" data-element_type=\"column\">\n\t\t\t<div class=\"elementor-widget-wrap elementor-element-populated\">\n\t\t\t\t\t\t\t\t<div class=\"elementor-element elementor-element-ae9b0c4 elementor-widget elementor-widget-image\" data-id=\"ae9b0c4\" data-element_type=\"widget\" data-widget_type=\"image.default\">\n\t\t\t\t<div class=\"elementor-widget-container\">\n\t\t\t<style>\/*! elementor - v3.7.1 - 14-08-2022 *\/\n.elementor-widget-image{text-align:center}.elementor-widget-image a{display:inline-block}.elementor-widget-image a img[src$=\".svg\"]{width:48px}.elementor-widget-image img{vertical-align:middle;display:inline-block}<\/style>\t\t\t\t\t\t\t\t\t\t\t\t<img width=\"1024\" height=\"683\" src=\"https:\/\/bushcraftoutdoorsoriginal.de\/wp-content\/uploads\/2022\/08\/fireplace-1598243_1920-1024x683.jpg\" class=\"attachment-large size-large\" alt=\"\" loading=\"lazy\" srcset=\"https:\/\/bushcraftoutdoorsoriginal.de\/wp-content\/uploads\/2022\/08\/fireplace-1598243_1920-1024x683.jpg 1024w, https:\/\/bushcraftoutdoorsoriginal.de\/wp-content\/uploads\/2022\/08\/fireplace-1598243_1920-300x200.jpg 300w, https:\/\/bushcraftoutdoorsoriginal.de\/wp-content\/uploads\/2022\/08\/fireplace-1598243_1920-768x512.jpg 768w, https:\/\/bushcraftoutdoorsoriginal.de\/wp-content\/uploads\/2022\/08\/fireplace-1598243_1920-1536x1024.jpg 1536w, https:\/\/bushcraftoutdoorsoriginal.de\/wp-content\/uploads\/2022\/08\/fireplace-1598243_1920.jpg 1920w\" sizes=\"(max-width: 1024px) 100vw, 1024px\" \/>\t\t\t\t\t\t\t\t\t\t\t\t\t\t\t<\/div>\n\t\t\t\t<\/div>\n\t\t\t\t<div class=\"elementor-element elementor-element-2b80aae elementor-widget elementor-widget-heading\" data-id=\"2b80aae\" data-element_type=\"widget\" data-widget_type=\"heading.default\">\n\t\t\t\t<div class=\"elementor-widget-container\">\n\t\t\t<style>\/*! elementor - v3.7.1 - 14-08-2022 *\/\n.elementor-heading-title{padding:0;margin:0;line-height:1}.elementor-widget-heading .elementor-heading-title[class*=elementor-size-]>a{color:inherit;font-size:inherit;line-height:inherit}.elementor-widget-heading .elementor-heading-title.elementor-size-small{font-size:15px}.elementor-widget-heading .elementor-heading-title.elementor-size-medium{font-size:19px}.elementor-widget-heading .elementor-heading-title.elementor-size-large{font-size:29px}.elementor-widget-heading .elementor-heading-title.elementor-size-xl{font-size:39px}.elementor-widget-heading .elementor-heading-title.elementor-size-xxl{font-size:59px}<\/style><h2 class=\"elementor-heading-title elementor-size-default\"><span style=\"font-weight:normal;\" id=\"docs-internal-guid-c3611ef5-7fff-ab35-65e4-21e64d089e57\"><h1 dir=\"ltr\" style=\"line-height:1.38;margin-top:20pt;margin-bottom:6pt;\"><span style=\"font-size: 20pt; font-family: Arial; color: rgb(0, 0, 0); background-color: transparent; font-weight: 400; font-style: normal; font-variant: normal;\">Wie man im Bushcraft hydriert bleibt<\/span><\/h1><br><h2 dir=\"ltr\" style=\"line-height:1.38;margin-top:18pt;margin-bottom:6pt;\"><span style=\"font-size: 16pt; font-family: Arial; color: rgb(0, 0, 0); background-color: transparent; font-weight: 400; font-style: normal; font-variant: normal;\">Einleitung<\/span><\/h2><p dir=\"ltr\" style=\"line-height:1.38;margin-top:0pt;margin-bottom:0pt;\"><span style=\"font-size: 11pt; font-family: Arial; color: rgb(0, 0, 0); background-color: transparent; font-weight: 400; font-style: normal; font-variant: normal;\">Wenn Sie mit dem Bushcraft unterwegs sind, ist eines der wichtigsten Dinge, an die Sie sich erinnern sollten, ausreichend Fl\u00fcssigkeit zu sich zu nehmen. Dies kann schwierig sein, wenn Sie st\u00e4ndig unterwegs sind und Ihr Wasservorrat zur Neige geht. In diesem Blogbeitrag werden wir Methoden zur Wasserreinigung in der Wildnis diskutieren, die es Ihnen erm\u00f6glichen, aus jeder Wasserquelle zu trinken, egal wie schmutzig es erscheinen mag!<\/span><\/p><br><h2 dir=\"ltr\" style=\"line-height:1.38;margin-top:18pt;margin-bottom:6pt;\"><span style=\"font-size: 16pt; font-family: Arial; color: rgb(0, 0, 0); background-color: transparent; font-weight: 400; font-style: normal; font-variant: normal;\">Wie man Wasser in der Wildnis richtig filtert<\/span><\/h2><p dir=\"ltr\" style=\"line-height:1.38;margin-top:0pt;margin-bottom:0pt;\"><span style=\"font-size: 11pt; font-family: Arial; color: rgb(0, 0, 0); background-color: transparent; font-weight: 400; font-style: normal; font-variant: normal;\">Eine der h\u00e4ufigsten Methoden, Wasser in der Wildnis zu filtern, ist die Verwendung eines Filtersystems. Es gibt viele verschiedene Arten von Filtersystemen auf dem Markt, daher ist es wichtig, eines zu w\u00e4hlen, das f\u00fcr Ihre Bed\u00fcrfnisse am besten geeignet ist. Einige Faktoren, die bei der Auswahl eines Filtersystems zu ber\u00fccksichtigen sind, sind:<\/span><\/p><br><p dir=\"ltr\" style=\"line-height:1.38;margin-top:0pt;margin-bottom:0pt;\"><span style=\"font-size: 11pt; font-family: Arial; color: rgb(0, 0, 0); background-color: transparent; font-weight: 400; font-style: normal; font-variant: normal;\">-Die Gr\u00f6\u00dfe der Einheit<\/span><\/p><br><p dir=\"ltr\" style=\"line-height:1.38;margin-top:0pt;margin-bottom:0pt;\"><span style=\"font-size: 11pt; font-family: Arial; color: rgb(0, 0, 0); background-color: transparent; font-weight: 400; font-style: normal; font-variant: normal;\">-Das Gewicht<\/span><\/p><br><p dir=\"ltr\" style=\"line-height:1.38;margin-top:0pt;margin-bottom:0pt;\"><span style=\"font-size: 11pt; font-family: Arial; color: rgb(0, 0, 0); background-color: transparent; font-weight: 400; font-style: normal; font-variant: normal;\">-Die Filter<\/span><\/p><br><p dir=\"ltr\" style=\"line-height:1.38;margin-top:0pt;margin-bottom:0pt;\"><span style=\"font-size: 11pt; font-family: Arial; color: rgb(0, 0, 0); background-color: transparent; font-weight: 400; font-style: normal; font-variant: normal;\">-Wie einfach es zu bedienen ist<\/span><\/p><br><br><br><h2 dir=\"ltr\" style=\"line-height:1.38;margin-top:18pt;margin-bottom:6pt;\"><span style=\"font-size: 16pt; font-family: Arial; color: rgb(0, 0, 0); background-color: transparent; font-weight: 400; font-style: normal; font-variant: normal;\">Kochendes Wasser<\/span><\/h2><p dir=\"ltr\" style=\"line-height:1.38;margin-top:0pt;margin-bottom:0pt;\"><span style=\"font-size: 11pt; font-family: Arial; color: rgb(0, 0, 0); background-color: transparent; font-weight: 400; font-style: normal; font-variant: normal;\">Eine andere g\u00e4ngige Methode zur Reinigung von Wasser in der Wildnis ist das Abkochen. Diese Methode ist wirksam beim Abt\u00f6ten von Bakterien und anderen Mikroorganismen, die im Wasser vorhanden sein k\u00f6nnen. Es ist wichtig, das Wasser mindestens drei Minuten lang zu kochen, um sicherzustellen, dass es trinkbar ist.<\/span><\/p><br><br><br><h2 dir=\"ltr\" style=\"line-height:1.38;margin-top:18pt;margin-bottom:6pt;\"><span style=\"font-size: 16pt; font-family: Arial; color: rgb(0, 0, 0); background-color: transparent; font-weight: 400; font-style: normal; font-variant: normal;\">Kaffeefilter-Wildnis<\/span><\/h2><p dir=\"ltr\" style=\"line-height:1.38;margin-top:0pt;margin-bottom:0pt;\"><span style=\"font-size: 11pt; font-family: Arial; color: rgb(0, 0, 0); background-color: transparent; font-weight: 400; font-style: normal; font-variant: normal;\">Eine der h\u00e4ufigsten Methoden, Wasser in der Wildnis zu filtern, ist die Verwendung eines Kaffeefilters. Diese Methode ist wirksam bei der Entfernung von Sedimenten und anderen Partikeln aus dem Wasser. Es ist wichtig sicherzustellen, dass der Kaffeefilter vor Gebrauch sauber ist.<\/span><\/p><br><br><br><h2 dir=\"ltr\" style=\"line-height:1.38;margin-top:18pt;margin-bottom:6pt;\"><span style=\"font-size: 16pt; font-family: Arial; color: rgb(0, 0, 0); background-color: transparent; font-weight: 400; font-style: normal; font-variant: normal;\">Ultraviolettes Licht<\/span><\/h2><p dir=\"ltr\" style=\"line-height:1.38;margin-top:0pt;margin-bottom:0pt;\"><span style=\"font-size: 11pt; font-family: Arial; color: rgb(0, 0, 0); background-color: transparent; font-weight: 400; font-style: normal; font-variant: normal;\">Ultraviolettes Licht kann auch verwendet werden, um Wasser in der Wildnis zu reinigen. Diese Methode ist wirksam beim Abt\u00f6ten von Bakterien und anderen Mikroorganismen, die im Wasser vorhanden sein k\u00f6nnen. Ultraviolettes Licht kann mit einem tragbaren Filtersystem oder einer eigenst\u00e4ndigen Einheit verwendet werden.<\/span><\/p><br><br><br><h2 dir=\"ltr\" style=\"line-height:1.38;margin-top:18pt;margin-bottom:6pt;\"><span style=\"font-size: 16pt; font-family: Arial; color: rgb(0, 0, 0); background-color: transparent; font-weight: 400; font-style: normal; font-variant: normal;\">Strohfilter<\/span><\/h2><p dir=\"ltr\" style=\"line-height:1.38;margin-top:0pt;margin-bottom:0pt;\"><span style=\"font-size: 11pt; font-family: Arial; color: rgb(0, 0, 0); background-color: transparent; font-weight: 400; font-style: normal; font-variant: normal;\">Ein Strohfilter ist ein kleines, tragbares Ger\u00e4t, das zum Filtern von Wasser in der Wildnis verwendet werden kann. Diese Methode ist wirksam bei der Entfernung von Sedimenten und anderen Partikeln aus dem Wasser. Es ist wichtig sicherzustellen, dass der Strohfilter vor dem Gebrauch sauber ist.<\/span><\/p><br><br><br><h2 dir=\"ltr\" style=\"line-height:1.38;margin-top:18pt;margin-bottom:6pt;\"><span style=\"font-size: 16pt; font-family: Arial; color: rgb(0, 0, 0); background-color: transparent; font-weight: 400; font-style: normal; font-variant: normal;\">Chlordioxid Tabletten<\/span><\/h2><p dir=\"ltr\" style=\"line-height:1.38;margin-top:0pt;margin-bottom:0pt;\"><span style=\"font-size: 11pt; font-family: Arial; color: rgb(0, 0, 0); background-color: transparent; font-weight: 400; font-style: normal; font-variant: normal;\">Chlordioxid-Tabletten sind ein g\u00e4ngiges Mittel zur Wasserreinigung in der Wildnis. Diese Methode ist wirksam beim Abt\u00f6ten von Bakterien und anderen Mikroorganismen, die im Wasser vorhanden sein k\u00f6nnen. Bei der Verwendung von Chlordioxid-Tabletten ist es wichtig, die Anweisungen auf der Verpackung zu befolgen.<\/span><\/p><br><br><br><h2 dir=\"ltr\" style=\"line-height:1.38;margin-top:18pt;margin-bottom:6pt;\"><span style=\"font-size: 16pt; font-family: Arial; color: rgb(0, 0, 0); background-color: transparent; font-weight: 400; font-style: normal; font-variant: normal;\">Jod Tropfen<\/span><\/h2><p dir=\"ltr\" style=\"line-height:1.38;margin-top:0pt;margin-bottom:0pt;\"><span style=\"font-size: 11pt; font-family: Arial; color: rgb(0, 0, 0); background-color: transparent; font-weight: 400; font-style: normal; font-variant: normal;\">Jodtropfen sind eine weitere g\u00e4ngige Methode, um Wasser in der Wildnis zu reinigen. Diese Methode ist wirksam beim Abt\u00f6ten von Bakterien und anderen Mikroorganismen, die im Wasser vorhanden sein k\u00f6nnen. Bei der Verwendung von Jodtropfen ist es wichtig, die Anweisungen auf der Verpackung zu befolgen.<\/span><\/p><br><br><br><h2 dir=\"ltr\" style=\"line-height:1.38;margin-top:18pt;margin-bottom:6pt;\"><span style=\"font-size: 16pt; font-family: Arial; color: rgb(0, 0, 0); background-color: transparent; font-weight: 400; font-style: normal; font-variant: normal;\">Solarstill<\/span><\/h2><p dir=\"ltr\" style=\"line-height:1.38;margin-top:0pt;margin-bottom:0pt;\"><span style=\"font-size: 11pt; font-family: Arial; color: rgb(0, 0, 0); background-color: transparent; font-weight: 400; font-style: normal; font-variant: normal;\">Ein Solardestillierapparat ist ein Ger\u00e4t, mit dem Wasser in der Wildnis gereinigt werden kann. Diese Methode ist wirksam bei der Entfernung von Verunreinigungen aus dem Wasser. Es ist darauf zu achten, dass die Solardestille vor Gebrauch sauber ist.<\/span><\/p><br><br><br><p dir=\"ltr\" style=\"line-height:1.38;margin-top:0pt;margin-bottom:0pt;\"><span style=\"font-size: 11pt; font-family: Arial; color: rgb(0, 0, 0); background-color: transparent; font-weight: 400; font-style: normal; font-variant: normal;\">Wie Sie sehen k\u00f6nnen, gibt es in der Wildnis viele verschiedene M\u00f6glichkeiten, Wasser zu reinigen. Es ist wichtig, eine Methode zu w\u00e4hlen, die f\u00fcr Ihre Bed\u00fcrfnisse am besten geeignet ist. Bleiben Sie gesund und gl\u00fccklich beim Wandern!<\/span><\/p><br><\/span><\/h2>\t\t<\/div>\n\t\t\t\t<\/div>\n\t\t\t\t\t<\/div>\n\t\t<\/div>\n\t\t\t\t\t\t\t<\/div>\n\t\t<\/section>\n\t\t\t\t\t\t\t<\/div>\n\t\t","protected":false},"excerpt":{"rendered":"<p>Wie man im Bushcraft hydriert bleibt Einleitung Wenn Sie mit dem Bushcraft unterwegs sind, ist eines der wichtigsten Dinge, an die Sie sich erinnern sollten, ausreichend Fl\u00fcssigkeit zu sich zu nehmen. Dies kann schwierig sein, wenn Sie st\u00e4ndig unterwegs sind und Ihr Wasservorrat zur Neige geht. In diesem Blogbeitrag werden wir Methoden zur Wasserreinigung in [&hellip;]<\/p>\n","protected":false},"author":1,"featured_media":0,"parent":0,"menu_order":0,"comment_status":"closed","ping_status":"closed","template":"","meta":[],"_links":{"self":[{"href":"https:\/\/bushcraftoutdoorsoriginal.de\/index.php?rest_route=\/wp\/v2\/pages\/20"}],"collection":[{"href":"https:\/\/bushcraftoutdoorsoriginal.de\/index.php?rest_route=\/wp\/v2\/pages"}],"about":[{"href":"https:\/\/bushcraftoutdoorsoriginal.de\/index.php?rest_route=\/wp\/v2\/types\/page"}],"author":[{"embeddable":true,"href":"https:\/\/bushcraftoutdoorsoriginal.de\/index.php?rest_route=\/wp\/v2\/users\/1"}],"replies":[{"embeddable":true,"href":"https:\/\/bushcraftoutdoorsoriginal.de\/index.php?rest_route=%2Fwp%2Fv2%2Fcomments&post=20"}],"version-history":[{"count":4,"href":"https:\/\/bushcraftoutdoorsoriginal.de\/index.php?rest_route=\/wp\/v2\/pages\/20\/revisions"}],"predecessor-version":[{"id":70,"href":"https:\/\/bushcraftoutdoorsoriginal.de\/index.php?rest_route=\/wp\/v2\/pages\/20\/revisions\/70"}],"wp:attachment":[{"href":"https:\/\/bushcraftoutdoorsoriginal.de\/index.php?rest_route=%2Fwp%2Fv2%2Fmedia&parent=20"}],"curies":[{"name":"wp","href":"https:\/\/api.w.org\/{rel}","templated":true}]}}