{"id":22,"date":"2022-08-18T22:48:44","date_gmt":"2022-08-18T19:48:44","guid":{"rendered":"https:\/\/bushcraftoutdoorsoriginal.de\/?page_id=22"},"modified":"2022-08-19T00:20:03","modified_gmt":"2022-08-18T21:20:03","slug":"5-2","status":"publish","type":"page","link":"https:\/\/bushcraftoutdoorsoriginal.de\/?page_id=22","title":{"rendered":"5"},"content":{"rendered":"\t\t<div data-elementor-type=\"wp-page\" data-elementor-id=\"22\" class=\"elementor elementor-22\">\n\t\t\t\t\t\t\t\t\t<section class=\"elementor-section elementor-top-section elementor-element elementor-element-28e6a58 elementor-section-boxed elementor-section-height-default elementor-section-height-default\" data-id=\"28e6a58\" data-element_type=\"section\">\n\t\t\t\t\t\t<div class=\"elementor-container elementor-column-gap-default\">\n\t\t\t\t\t<div class=\"elementor-column elementor-col-100 elementor-top-column elementor-element elementor-element-fd8e233\" data-id=\"fd8e233\" data-element_type=\"column\">\n\t\t\t<div class=\"elementor-widget-wrap elementor-element-populated\">\n\t\t\t\t\t\t\t\t<div class=\"elementor-element elementor-element-3883034 elementor-widget elementor-widget-image\" data-id=\"3883034\" data-element_type=\"widget\" data-widget_type=\"image.default\">\n\t\t\t\t<div class=\"elementor-widget-container\">\n\t\t\t<style>\/*! elementor - v3.7.1 - 14-08-2022 *\/\n.elementor-widget-image{text-align:center}.elementor-widget-image a{display:inline-block}.elementor-widget-image a img[src$=\".svg\"]{width:48px}.elementor-widget-image img{vertical-align:middle;display:inline-block}<\/style>\t\t\t\t\t\t\t\t\t\t\t\t<img width=\"1024\" height=\"684\" src=\"https:\/\/bushcraftoutdoorsoriginal.de\/wp-content\/uploads\/2022\/08\/pexels-roman-pohorecki-14287-1024x684.jpg\" class=\"attachment-large size-large\" alt=\"\" loading=\"lazy\" srcset=\"https:\/\/bushcraftoutdoorsoriginal.de\/wp-content\/uploads\/2022\/08\/pexels-roman-pohorecki-14287-1024x684.jpg 1024w, https:\/\/bushcraftoutdoorsoriginal.de\/wp-content\/uploads\/2022\/08\/pexels-roman-pohorecki-14287-300x200.jpg 300w, https:\/\/bushcraftoutdoorsoriginal.de\/wp-content\/uploads\/2022\/08\/pexels-roman-pohorecki-14287-768x513.jpg 768w, https:\/\/bushcraftoutdoorsoriginal.de\/wp-content\/uploads\/2022\/08\/pexels-roman-pohorecki-14287.jpg 1279w\" sizes=\"(max-width: 1024px) 100vw, 1024px\" \/>\t\t\t\t\t\t\t\t\t\t\t\t\t\t\t<\/div>\n\t\t\t\t<\/div>\n\t\t\t\t<div class=\"elementor-element elementor-element-4204aa2 elementor-widget elementor-widget-heading\" data-id=\"4204aa2\" data-element_type=\"widget\" data-widget_type=\"heading.default\">\n\t\t\t\t<div class=\"elementor-widget-container\">\n\t\t\t<style>\/*! elementor - v3.7.1 - 14-08-2022 *\/\n.elementor-heading-title{padding:0;margin:0;line-height:1}.elementor-widget-heading .elementor-heading-title[class*=elementor-size-]>a{color:inherit;font-size:inherit;line-height:inherit}.elementor-widget-heading .elementor-heading-title.elementor-size-small{font-size:15px}.elementor-widget-heading .elementor-heading-title.elementor-size-medium{font-size:19px}.elementor-widget-heading .elementor-heading-title.elementor-size-large{font-size:29px}.elementor-widget-heading .elementor-heading-title.elementor-size-xl{font-size:39px}.elementor-widget-heading .elementor-heading-title.elementor-size-xxl{font-size:59px}<\/style><h2 class=\"elementor-heading-title elementor-size-default\"><span style=\"font-weight:normal;\" id=\"docs-internal-guid-9bdd4bfd-7fff-a2d8-b484-3ec92b71d518\"><h1 dir=\"ltr\" style=\"line-height:1.38;margin-top:20pt;margin-bottom:6pt;\"><span style=\"font-size: 20pt; font-family: Arial; color: rgb(0, 0, 0); background-color: transparent; font-weight: 400; font-style: normal; font-variant: normal;\">Schlafen in einem Zelt bei kaltem Wetter: So bleiben Sie warm<\/span><\/h1><br><h2 dir=\"ltr\" style=\"line-height:1.38;margin-top:18pt;margin-bottom:6pt;\"><span style=\"font-size: 16pt; font-family: Arial; color: rgb(0, 0, 0); background-color: transparent; font-weight: 400; font-style: normal; font-variant: normal;\">Einleitung<\/span><\/h2><p dir=\"ltr\" style=\"line-height:1.38;margin-top:0pt;margin-bottom:0pt;\"><span style=\"font-size: 11pt; font-family: Arial; color: rgb(0, 0, 0); background-color: transparent; font-weight: 400; font-style: normal; font-variant: normal;\">Wenn Sie wie ich sind, dann lieben Sie Camping im Herbst und Winter. Das einzige Problem ist, dass es nachts etwas kalt werden kann. In diesem Blogbeitrag besprechen wir, wie man bei kaltem Wetter warm bleibt, w\u00e4hrend man in einem Zelt schl\u00e4ft. Wir decken alles ab, von der Kleidung bis zum Aufbau Ihres Zeltes f\u00fcr maximale W\u00e4rme. Egal, ob Sie im Schnee campen oder einfach nur versuchen, Ihre Campingsaison in die k\u00e4lteren Monate zu verl\u00e4ngern, dieser Blogbeitrag ist f\u00fcr Sie!<\/span><\/p><br><br><br><h2 dir=\"ltr\" style=\"line-height:1.38;margin-top:18pt;margin-bottom:6pt;\"><span style=\"font-size: 16pt; font-family: Arial; color: rgb(0, 0, 0); background-color: transparent; font-weight: 400; font-style: normal; font-variant: normal;\">Was tr\u00e4gt man, um bei unterschiedlichem Wetter in einem Zelt zu schlafen?<\/span><\/h2><p dir=\"ltr\" style=\"line-height:1.38;margin-top:0pt;margin-bottom:0pt;\"><span style=\"font-size: 11pt; font-family: Arial; color: rgb(0, 0, 0); background-color: transparent; font-weight: 400; font-style: normal; font-variant: normal;\">Das erste, was Sie tun m\u00fcssen, um zu entscheiden, wie Sie sich beim Schlafen in einem Zelt warm halten k\u00f6nnen, ist, das Wetter zu \u00fcberpr\u00fcfen. Je nach Temperatur m\u00f6chten Sie sich in verschiedene Schichten kleiden.<\/span><\/p><br><p dir=\"ltr\" style=\"line-height:1.38;margin-top:0pt;margin-bottom:0pt;\"><span style=\"font-size: 11pt; font-family: Arial; color: rgb(0, 0, 0); background-color: transparent; font-weight: 400; font-style: normal; font-variant: normal;\">Wenn es zum Beispiel drau\u00dfen kalt ist, sollten Sie eine Basisschicht, ein dickes Fleece und eine wasserdichte Au\u00dfenschicht tragen. Dadurch wird sichergestellt, dass Sie die ganze Nacht warm und trocken sind. Wenn es jedoch nur leicht kalt ist, m\u00fcssen Sie m\u00f6glicherweise nur eine Unterschicht und ein d\u00fcnnes Fleece tragen.<\/span><\/p><br><p dir=\"ltr\" style=\"line-height:1.38;margin-top:0pt;margin-bottom:0pt;\"><span style=\"font-size: 11pt; font-family: Arial; color: rgb(0, 0, 0); background-color: transparent; font-weight: 400; font-style: normal; font-variant: normal;\">In jedem Fall ist es immer eine gute Idee, zus\u00e4tzliche Decken zur Hand zu haben, falls Sie nachts frieren. Indem Sie Ihre Kleidung schichten und zus\u00e4tzliche Decken zur Verf\u00fcgung haben, k\u00f6nnen Sie sicherstellen, dass Sie sich die ganze Nacht lang wohl f\u00fchlen, egal wie die Au\u00dfentemperatur ist!<\/span><\/p><br><br><br><h2 dir=\"ltr\" style=\"line-height:1.38;margin-top:18pt;margin-bottom:6pt;\"><span style=\"font-size: 16pt; font-family: Arial; color: rgb(0, 0, 0); background-color: transparent; font-weight: 400; font-style: normal; font-variant: normal;\">Wie baust du dein Zelt f\u00fcr W\u00e4rme auf?<\/span><\/h2><p dir=\"ltr\" style=\"line-height:1.38;margin-top:0pt;margin-bottom:0pt;\"><span style=\"font-size: 11pt; font-family: Arial; color: rgb(0, 0, 0); background-color: transparent; font-weight: 400; font-style: normal; font-variant: normal;\">Sobald Sie sich entschieden haben, was Sie anziehen m\u00f6chten, besteht der n\u00e4chste Schritt darin, sicherzustellen, dass Ihr Zelt warm aufgestellt ist. Wenn Sie ein Ganzjahreszelt haben, sollte dies kein Problem sein. Wenn Sie jedoch ein Drei-Jahreszeiten-Zelt haben, gibt es ein paar Dinge, die Sie tun k\u00f6nnen, um sicherzustellen, dass es warm genug f\u00fcr das Wintercamping ist.<\/span><\/p><br><p dir=\"ltr\" style=\"line-height:1.38;margin-top:0pt;margin-bottom:0pt;\"><span style=\"font-size: 11pt; font-family: Arial; color: rgb(0, 0, 0); background-color: transparent; font-weight: 400; font-style: normal; font-variant: normal;\">Stellen Sie zun\u00e4chst sicher, dass Sie eine Bodenplane verwenden. Dies hilft, Ihr Zelt zu isolieren und verhindert, dass die kalte Luft vom Boden aufsteigt. Verwenden Sie zweitens zus\u00e4tzliche Abspannleinen, um Ihr Zelt zu sichern. Dadurch wird sichergestellt, dass Ihr Zelt dicht ist und keine Zugluft hereinl\u00e4sst. Erw\u00e4gen Sie schlie\u00dflich die Verwendung einer Plane \u00fcber Ihrem Zelt f\u00fcr zus\u00e4tzliche W\u00e4rme.<\/span><\/p><br><br><br><h2 dir=\"ltr\" style=\"line-height:1.38;margin-top:18pt;margin-bottom:6pt;\"><span style=\"font-size: 16pt; font-family: Arial; color: rgb(0, 0, 0); background-color: transparent; font-weight: 400; font-style: normal; font-variant: normal;\">Worauf schl\u00e4ft man am bequemsten in einem Zelt?<\/span><\/h2><p dir=\"ltr\" style=\"line-height:1.38;margin-top:0pt;margin-bottom:0pt;\"><span style=\"font-size: 11pt; font-family: Arial; color: rgb(0, 0, 0); background-color: transparent; font-weight: 400; font-style: normal; font-variant: normal;\">Das Bequemste zum Schlafen in einem Zelt ist ein Campingbett. Campingbetten sind vom Boden erh\u00f6ht und bieten eine bequeme Schlaffl\u00e4che. Sie helfen auch, dich vor dem kalten Boden zu isolieren. Wenn Sie kein Campingbett haben, k\u00f6nnen Sie auch eine Luftmatratze oder sogar nur ein paar Decken verwenden.<\/span><\/p><br><p dir=\"ltr\" style=\"line-height:1.38;margin-top:0pt;margin-bottom:0pt;\"><span style=\"font-size: 11pt; font-family: Arial; color: rgb(0, 0, 0); background-color: transparent; font-weight: 400; font-style: normal; font-variant: normal;\">Egal, was Sie zum Schlafen verwenden, stellen Sie sicher, dass Sie etwas unter sich legen, um sich vor dem kalten Boden zu isolieren. So bleiben Sie die ganze Nacht warm!<\/span><\/p><br><p dir=\"ltr\" style=\"line-height:1.38;margin-top:0pt;margin-bottom:0pt;\"><span style=\"font-size: 11pt; font-family: Arial; color: rgb(0, 0, 0); background-color: transparent; font-weight: 400; font-style: normal; font-variant: normal;\">Einige Tipps zur Auswahl der richtigen Ausr\u00fcstung f\u00fcr das Schlafen in einem Zelt bei kaltem Wetter<\/span><\/p><br><p dir=\"ltr\" style=\"line-height:1.38;margin-top:0pt;margin-bottom:0pt;\"><span style=\"font-size: 11pt; font-family: Arial; color: rgb(0, 0, 0); background-color: transparent; font-weight: 400; font-style: normal; font-variant: normal;\">Nachdem wir nun besprochen haben, was Sie anziehen und wie Sie Ihr Zelt aufbauen, lassen Sie uns \u00fcber einige Tipps zur Auswahl der richtigen Ausr\u00fcstung f\u00fcr das Schlafen in einem Zelt bei kaltem Wetter sprechen.<\/span><\/p><br><p dir=\"ltr\" style=\"line-height:1.38;margin-top:0pt;margin-bottom:0pt;\"><span style=\"font-size: 11pt; font-family: Arial; color: rgb(0, 0, 0); background-color: transparent; font-weight: 400; font-style: normal; font-variant: normal;\">Stellen Sie zun\u00e4chst sicher, dass Sie ein Zelt ausw\u00e4hlen, das f\u00fcr vier Jahreszeiten ausgelegt ist. Dadurch wird sichergestellt, dass Ihr Zelt allen Wetterbedingungen standh\u00e4lt. Zweitens investieren Sie in einen guten Schlafsack. Daunenschlafs\u00e4cke sind ideal f\u00fcr kaltes Wetter, da sie sehr warm und leicht sind. Drittens sollten Sie erw\u00e4gen, Ihrer Schlafumgebung eine W\u00e4rmflasche hinzuzuf\u00fcgen. Dies sorgt die ganze Nacht \u00fcber f\u00fcr zus\u00e4tzliche W\u00e4rme!<\/span><\/p><br><p dir=\"ltr\" style=\"line-height:1.38;margin-top:0pt;margin-bottom:0pt;\"><span style=\"font-size: 11pt; font-family: Arial; color: rgb(0, 0, 0); background-color: transparent; font-weight: 400; font-style: normal; font-variant: normal;\">Wenn Sie diese Tipps befolgen, k\u00f6nnen Sie sicher sein, dass Sie beim Camping bei kaltem Wetter die ganze Nacht warm und bequem bleiben! Lassen Sie sich also nicht von der K\u00e4lte davon abhalten, Ihren Lieblingscampingplatz zu genie\u00dfen \u2013 seien Sie einfach vorbereitet und es wird Ihnen gut gehen!<\/span><\/p><div><span style=\"font-size: 11pt; font-family: Arial; color: rgb(0, 0, 0); background-color: transparent; font-weight: 400; font-style: normal; font-variant: normal;\"><br><\/span><\/div><\/span><\/h2>\t\t<\/div>\n\t\t\t\t<\/div>\n\t\t\t\t\t<\/div>\n\t\t<\/div>\n\t\t\t\t\t\t\t<\/div>\n\t\t<\/section>\n\t\t\t\t\t\t\t<\/div>\n\t\t","protected":false},"excerpt":{"rendered":"<p>Schlafen in einem Zelt bei kaltem Wetter: So bleiben Sie warm Einleitung Wenn Sie wie ich sind, dann lieben Sie Camping im Herbst und Winter. Das einzige Problem ist, dass es nachts etwas kalt werden kann. In diesem Blogbeitrag besprechen wir, wie man bei kaltem Wetter warm bleibt, w\u00e4hrend man in einem Zelt schl\u00e4ft. Wir [&hellip;]<\/p>\n","protected":false},"author":1,"featured_media":0,"parent":0,"menu_order":0,"comment_status":"closed","ping_status":"closed","template":"","meta":[],"_links":{"self":[{"href":"https:\/\/bushcraftoutdoorsoriginal.de\/index.php?rest_route=\/wp\/v2\/pages\/22"}],"collection":[{"href":"https:\/\/bushcraftoutdoorsoriginal.de\/index.php?rest_route=\/wp\/v2\/pages"}],"about":[{"href":"https:\/\/bushcraftoutdoorsoriginal.de\/index.php?rest_route=\/wp\/v2\/types\/page"}],"author":[{"embeddable":true,"href":"https:\/\/bushcraftoutdoorsoriginal.de\/index.php?rest_route=\/wp\/v2\/users\/1"}],"replies":[{"embeddable":true,"href":"https:\/\/bushcraftoutdoorsoriginal.de\/index.php?rest_route=%2Fwp%2Fv2%2Fcomments&post=22"}],"version-history":[{"count":4,"href":"https:\/\/bushcraftoutdoorsoriginal.de\/index.php?rest_route=\/wp\/v2\/pages\/22\/revisions"}],"predecessor-version":[{"id":73,"href":"https:\/\/bushcraftoutdoorsoriginal.de\/index.php?rest_route=\/wp\/v2\/pages\/22\/revisions\/73"}],"wp:attachment":[{"href":"https:\/\/bushcraftoutdoorsoriginal.de\/index.php?rest_route=%2Fwp%2Fv2%2Fmedia&parent=22"}],"curies":[{"name":"wp","href":"https:\/\/api.w.org\/{rel}","templated":true}]}}